{"id":6,"date":"2009-02-23T16:20:19","date_gmt":"2009-02-23T15:20:19","guid":{"rendered":"http:\/\/localhost:8888\/sorribes\/?page_id=6"},"modified":"2020-05-26T18:23:49","modified_gmt":"2020-05-26T17:23:49","slug":"historia","status":"publish","type":"page","link":"https:\/\/www.restaurantesorribes.com\/?page_id=6","title":{"rendered":"Restaurante"},"content":{"rendered":"<h3><span style=\"color: #339966;\">Servicio de hosteler\u00eda<\/span><\/h3>\n<p><span style=\"color: #000000;\">Restaurante Sorribes, estamos especializados en paladares exigentes con un men\u00fa a buen precio!<br \/>\nNuestra filosof\u00eda es ahorrarle tiempo y regalarle la m\u00e1xima atenci\u00f3n \u2028en todos y cada uno nuestros servicios que presentamos a continuaci\u00f3n:<\/span><\/p>\n<h3><span style=\"color: #66cc99;\">&#8230;&#8230;&#8230;&#8230;&#8230;&#8230;&#8230;&#8230;&#8230;&#8230;&#8230;&#8230;&#8230;&#8230;&#8230;&#8230;&#8230;&#8230;&#8230;&#8230;&#8230;&#8230;..<br \/>\nMENUS<\/span><\/h3>\n<p>Variados, ricos y nutritivos con precios personalizados para sus eventos.<\/p>\n<p><span style=\"color: #000000;\">Men\u00fa del d\u00eda&#8230;&#8230;&#8230;&#8230;&#8230;&#8230;&#8230;&#8230;&#8230;&#8230;&#8230;&#8230;&#8230;&#8230;&#8230;&#8230;.<\/span><span style=\"color: #000000;\">9.90 \u20ac<\/span><span style=\"color: #000000;\"><br \/>\nMen\u00fa especial&#8230;&#8230;&#8230;&#8230;&#8230;&#8230;&#8230;&#8230;&#8230;&#8230;&#8230;&#8230;&#8230;&#8230;&#8230;.<\/span><span style=\"color: #000000;\">12.90 \u20ac<\/span><\/p>\n<p>Men\u00fas personalizados para sus cualquier ocasi\u00f3n que se preste.<\/p>\n<h3><span style=\"color: #66cc99;\">&#8230;&#8230;&#8230;&#8230;&#8230;&#8230;&#8230;&#8230;&#8230;&#8230;&#8230;&#8230;&#8230;&#8230;&#8230;&#8230;&#8230;&#8230;&#8230;&#8230;&#8230;&#8230;..<br \/>\nRESTAURANTE<\/span><\/h3>\n<p>El Restaurante Sorribes dispone de un espacio aclimatado para su comodidad .<\/p>\n<h3><span style=\"color: #66cc99;\">&#8230;&#8230;&#8230;&#8230;&#8230;&#8230;&#8230;&#8230;&#8230;&#8230;&#8230;&#8230;&#8230;&#8230;&#8230;&#8230;&#8230;&#8230;&#8230;&#8230;&#8230;&#8230;..<br \/>\nBARRA<\/span><\/h3>\n<p>En el Bar ofrecemos todo tipo de tapas, bocadillos, platos combinados, bebidas y desayunos.\u2028Especialidad en tapas, <strong>excelente caf\u00e9<\/strong>, bocadillos, copas.\u2028Lugar de encuentro y de referencia en el acceso por el Sur de la la ciudad de Castell\u00f3n.<\/p>\n<h3><img decoding=\"async\" loading=\"lazy\" class=\"alignleft size-medium wp-image-188\" title=\"Cena Pe\u00f1a Culo Cuadrado de los 80\" src=\"http:\/\/www.restaurantesorribes.com\/wp-content\/uploads\/2009\/03\/febrero-09-culocuadrado6620-300x199.jpg\" alt=\"Cena Pe\u00f1a Culo Cuadrado de los 80\" width=\"180\" height=\"119\" srcset=\"https:\/\/www.restaurantesorribes.com\/wp-content\/uploads\/2009\/03\/febrero-09-culocuadrado6620-300x199.jpg 300w, https:\/\/www.restaurantesorribes.com\/wp-content\/uploads\/2009\/03\/febrero-09-culocuadrado6620-1024x680.jpg 1024w\" sizes=\"(max-width: 180px) 100vw, 180px\" \/><\/h3>\n<h3><span style=\"color: #66cc99;\">&#8230;&#8230;&#8230;&#8230;&#8230;&#8230;&#8230;&#8230;&#8230;&#8230;&#8230;&#8230;&#8230;&#8230;&#8230;&#8230;&#8230;&#8230;&#8230;&#8230;&#8230;&#8230;..<br \/>\nREUNIONES Y BANQUETES<br \/>\n<span style=\"color: #000000; font-weight: normal; font-size: 13px;\">Organice sus reuniones, celebraciones con la seguridad de calidad y un buen servicio.<\/span><\/span><\/h3>\n<p>&nbsp;<\/p>\n<p><img decoding=\"async\" loading=\"lazy\" class=\"size-medium wp-image-137 alignleft\" title=\"Verduras\" src=\"http:\/\/www.restaurantesorribes.com\/wp-content\/uploads\/2009\/03\/febrero-09-culocuadrado6612-300x199.jpg\" alt=\"\" width=\"180\" height=\"119\" srcset=\"https:\/\/www.restaurantesorribes.com\/wp-content\/uploads\/2009\/03\/febrero-09-culocuadrado6612-300x199.jpg 300w, https:\/\/www.restaurantesorribes.com\/wp-content\/uploads\/2009\/03\/febrero-09-culocuadrado6612.jpg 640w\" sizes=\"(max-width: 180px) 100vw, 180px\" \/><\/p>\n<h3><strong><span style=\"color: #66cc99;\">&#8230;&#8230;&#8230;&#8230;&#8230;&#8230;&#8230;&#8230;&#8230;&#8230;&#8230;&#8230;&#8230;&#8230;&#8230;&#8230;&#8230;&#8230;&#8230;&#8230;&#8230;&#8230;..<br \/>\nSELECCION DE CARTA <\/span><\/strong><\/h3>\n<address><span style=\"font-style: normal;\">Aproveche las ventajas de una carta variada y selecta<\/span><\/address>\n<address><span style=\"font-style: normal;\">\u00a0<\/span><\/address>\n<address><span style=\"font-style: normal;\">\u00a0<\/span><\/address>\n<h3><img decoding=\"async\" loading=\"lazy\" class=\"alignleft size-medium wp-image-237\" title=\"Restaurante Sorribes. Castell\u00f3n\" src=\"http:\/\/www.restaurantesorribes.com\/wp-content\/uploads\/2009\/03\/febrero-09-culocuadrado6709-300x199.jpg\" alt=\"Restaurante Sorribes. Castell\u00f3n\" width=\"180\" height=\"119\" srcset=\"https:\/\/www.restaurantesorribes.com\/wp-content\/uploads\/2009\/03\/febrero-09-culocuadrado6709-300x199.jpg 300w, https:\/\/www.restaurantesorribes.com\/wp-content\/uploads\/2009\/03\/febrero-09-culocuadrado6709-1024x680.jpg 1024w\" sizes=\"(max-width: 180px) 100vw, 180px\" \/><\/h3>\n<h3><span style=\"color: #339966;\"><span style=\"color: #66cc99;\">&#8230;&#8230;&#8230;&#8230;&#8230;&#8230;&#8230;&#8230;&#8230;&#8230;&#8230;&#8230;&#8230;&#8230;&#8230;&#8230;&#8230;&#8230;&#8230;&#8230;&#8230;&#8230;..<br \/>\nCONOZCA<\/span><br \/>\nuno de los restaurantes m\u00e1s emblem\u00e1ticos de la ciudad de Castell\u00f3n.<\/span><\/h3>\n<p>El Bar Restaurante Sorribes le ofrece una gama de servicios en los que se incluyen adem\u00e1s de men\u00fas de gran calidad, una Carta donde poder degustar los m\u00e1s variados platos de nuestra cocina Medierr\u00e1nea.<\/p>\n<h4><span style=\"color: #339966;\"><img decoding=\"async\" loading=\"lazy\" class=\"alignleft size-full wp-image-152\" title=\"f_historia\" src=\"http:\/\/www.restaurantesorribes.com\/wp-content\/uploads\/2009\/03\/f_historia.jpg\" alt=\"f_historia\" width=\"240\" height=\"92\" \/><\/span><\/h4>\n<h4><span style=\"color: #339966;\">\u00a0<\/span><\/h4>\n<pre><\/pre>\n<h3><span style=\"color: #66cc99;\">&#8230;&#8230;&#8230;&#8230;&#8230;&#8230;&#8230;&#8230;&#8230;&#8230;&#8230;&#8230;&#8230;&#8230;&#8230;&#8230;&#8230;&#8230;&#8230;&#8230;&#8230;&#8230;..<br \/>\nMAS DE\u00a050 A\u00d1OS DE HISTORIA<\/span><\/h3>\n<p>El Restaurante Sorribes posee una historia dilatada al servicio de la ciudad de Castell\u00f3n. Rogelio y Dora fundan el Caf\u00e9 Bar \u00abLos Amigos\u00bb en el a\u00f1o 1962 en calle Salvador Guinot de Castell\u00f3n , trasladandose hasta la ubicaci\u00f3n actual en la Avenida de Valencia,94 de Castell\u00f3n en el a\u00f1o 1968, abriendo el \u00abCaf\u00e9 Bar Sorribes\u00bb. Diez a\u00f1os mas tarde, en 1978, amplian los servicos a Bar y Restaurante desde donde , la familia, ofrecer\u00e1 sus \u00a0servicios hasta nuestros dias. El local ha ido evolucionando al mismo ritmo que la localidad que lo aloja. Forma parte de sus lugares de encuentro caracter\u00edsticos. Este hecho no ha adormecido jam\u00e1s la inquietud de mejorar las intalaciones y adecuar la cocina y servicios a las exigencias de la gastronom\u00eda actual, de la mano de la segunda generaci\u00f3n de los miembros de la Familia Sorribes-Miralles.<\/p>\n","protected":false},"excerpt":{"rendered":"<p>Servicio de hosteler\u00eda Restaurante Sorribes, estamos especializados en paladares exigentes con un men\u00fa a buen precio! Nuestra filosof\u00eda es ahorrarle tiempo y regalarle la m\u00e1xima atenci\u00f3n \u2028en todos y cada uno nuestros servicios que presentamos a continuaci\u00f3n: &#8230;&#8230;&#8230;&#8230;&#8230;&#8230;&#8230;&#8230;&#8230;&#8230;&#8230;&#8230;&#8230;&#8230;&#8230;&#8230;&#8230;&#8230;&#8230;&#8230;&#8230;&#8230;.. MENUS Variados, ricos y nutritivos con precios personalizados para sus eventos. Men\u00fa del d\u00eda&#8230;&#8230;&#8230;&#8230;&#8230;&#8230;&#8230;&#8230;&#8230;&#8230;&#8230;&#8230;&#8230;&#8230;&#8230;&#8230;.9.90 \u20ac Men\u00fa especial&#8230;&#8230;&#8230;&#8230;&#8230;&#8230;&#8230;&#8230;&#8230;&#8230;&#8230;&#8230;&#8230;&#8230;&#8230;.12.90 [&hellip;]<\/p>\n","protected":false},"author":1,"featured_media":0,"parent":0,"menu_order":0,"comment_status":"closed","ping_status":"open","template":"","meta":{"_mi_skip_tracking":false,"_monsterinsights_sitenote_active":false,"_monsterinsights_sitenote_note":"","_monsterinsights_sitenote_category":0},"aioseo_notices":[],"_links":{"self":[{"href":"https:\/\/www.restaurantesorribes.com\/index.php?rest_route=\/wp\/v2\/pages\/6"}],"collection":[{"href":"https:\/\/www.restaurantesorribes.com\/index.php?rest_route=\/wp\/v2\/pages"}],"about":[{"href":"https:\/\/www.restaurantesorribes.com\/index.php?rest_route=\/wp\/v2\/types\/page"}],"author":[{"embeddable":true,"href":"https:\/\/www.restaurantesorribes.com\/index.php?rest_route=\/wp\/v2\/users\/1"}],"replies":[{"embeddable":true,"href":"https:\/\/www.restaurantesorribes.com\/index.php?rest_route=%2Fwp%2Fv2%2Fcomments&post=6"}],"version-history":[{"count":45,"href":"https:\/\/www.restaurantesorribes.com\/index.php?rest_route=\/wp\/v2\/pages\/6\/revisions"}],"predecessor-version":[{"id":7903,"href":"https:\/\/www.restaurantesorribes.com\/index.php?rest_route=\/wp\/v2\/pages\/6\/revisions\/7903"}],"wp:attachment":[{"href":"https:\/\/www.restaurantesorribes.com\/index.php?rest_route=%2Fwp%2Fv2%2Fmedia&parent=6"}],"curies":[{"name":"wp","href":"https:\/\/api.w.org\/{rel}","templated":true}]}}