{"id":45,"date":"2009-03-02T18:58:57","date_gmt":"2009-03-02T17:58:57","guid":{"rendered":"http:\/\/localhost:8888\/sorribes\/?page_id=45"},"modified":"2025-07-25T11:48:15","modified_gmt":"2025-07-25T10:48:15","slug":"casa-rural","status":"publish","type":"page","link":"https:\/\/www.restaurantesorribes.com\/?page_id=45","title":{"rendered":"TURISMO RURAL"},"content":{"rendered":"<p>Para disfrutar del Turismo rural en sus <strong>Escapadas de Fin de Semana o Vacaciones<\/strong> y descubrir los rincones de Castell\u00f3n Casas Nuri de Rei le ofrece alojamientos de Calidad certificada y m\u00e1ximo confort junto al Mar Mediterr\u00e1neo.<\/p>\n<div class=\"mceTemp\">\n<h3><span style=\"color: #339966;\">Casas <\/span><\/h3>\n<div class=\"mceTemp\"><a href=\"http:\/\/www.casaruralnuriderei.com\" target=\"_blank\" rel=\"noopener\"><img decoding=\"async\" loading=\"lazy\" class=\"alignleft size-full wp-image-301\" title=\"casa rural nuriderei todoella\" src=\"http:\/\/www.restaurantesorribes.com\/wp-content\/uploads\/2009\/03\/bton_nuriderei_todoella.jpg\" alt=\"casa rural nuriderei todoella\" width=\"232\" height=\"208\" border=\"0\" \/><\/a><\/div>\n<\/div>\n<div class=\"mceTemp\"><span class=\"texto_inicio_bold\"><strong><span style=\"color: #339966;\">Casa rural Nuri de Rei en Todolella<\/span><\/strong><span style=\"color: #339966;\">,<\/span> <span style=\"color: #339966;\">(<strong>2-10 plazas)<\/strong><\/span><\/span><\/div>\n<div class=\"mceTemp\"><span class=\"texto_inicio_bold\"> Les ofrece 2 apartamentos de\u00a0 <strong>4 y 6 plazas <\/strong>totalmente equipados, <\/span><span class=\"texto_inicio\">al norte de Castell\u00f3n al lado de<strong> Morella<\/strong>\u00a0y a 50 minutos de las playas de Vinaroz y Pe\u00f1iscola . Disfrute de la verdadera <strong><strong>ESENCIA RURAL<\/strong><\/strong>.Chimena, Relax, Hidromasaje\u00a0..etc <strong>CERTIFICADOS \u00abQ\u00bb DE LA CALIDAD TURISTICA ESPA\u00d1OLA , SOSTENIBILIDAD , ISO 9001<\/strong> <\/span><\/div>\n<div class=\"mceTemp\"><a href=\"http:\/\/www.casaruralnuriderei.com\/nuriderei_la_pobla.htm\" target=\"_blank\" rel=\"noopener\"><img decoding=\"async\" loading=\"lazy\" class=\"alignleft size-full wp-image-300\" title=\"Casa con jacuzzi\" src=\"http:\/\/www.restaurantesorribes.com\/wp-content\/uploads\/2009\/03\/b_nuriderei_la_pobla_.jpg\" alt=\"Casa con jacuzzi\" width=\"232\" height=\"208\" border=\"0\" \/><\/a><\/div>\n<div class=\"mceTemp\"><span class=\"texto_inicio\"> <strong><span style=\"color: #339966;\">Casa Nuri de Rei de La Pobla Tornesa (2 &#8211; 9 plazas)<\/span><\/strong>. Turismo rural a 10 minutos de <\/span><span class=\"texto_inicio_bold\">Castell\u00f3n . Dispone de\u00a0<strong>Jacuzzi<\/strong>, <strong>4 ba\u00f1os,<\/strong> cocina y comedor muy amplio,<strong> Garaje privado, Aire acondicionado, Billar<\/strong>, ping pong, <strong>barbacoa<\/strong>&#8230;etc. <\/span><span class=\"texto_inicio\">junto a los Parques Naturales del Desierto de las Palmas, Prat de Cabanes, Islas Columbretes y Pe\u00f1agolosa. Junto a las extraordinarias <strong>playas de Benic\u00e0ssim, Oropesa del Mar y Castell\u00f3n<\/strong>, (Costa de Azahar). <\/span><\/div>\n<div class=\"mceTemp\"><span class=\"texto_inicio\">Disfrute de los parajes de la Comunidad Valenciana y de la calidad que le ofrecen las casas Nuri de Rei desde donde podr\u00e1 realizar cualquier actividades como: relajarse en nuestro jacuzzi, jugar al Billar o ping pong , compartir una excelente barbacoa o montar a caballo, senderismo, paint ball, BTT, paracaidismo, escuchar el silencio, disfrutar de la mejor gastronom\u00eda, espect\u00e1culos, ocio , museos..etc.<br \/>\n<strong>CERTIFICADO DE CALIDAD ISO 9001,\u00a0 SOSTENIBILIDAD<\/strong><\/span><\/div>\n","protected":false},"excerpt":{"rendered":"<p>Para disfrutar del Turismo rural en sus Escapadas de Fin de Semana o Vacaciones y descubrir los rincones de Castell\u00f3n Casas Nuri de Rei le ofrece alojamientos de Calidad certificada y m\u00e1ximo confort junto al Mar Mediterr\u00e1neo. Casas Casa rural Nuri de Rei en Todolella, (2-10 plazas) Les ofrece 2 apartamentos de\u00a0 4 y 6 [&hellip;]<\/p>\n","protected":false},"author":1,"featured_media":0,"parent":33,"menu_order":7,"comment_status":"closed","ping_status":"open","template":"","meta":{"_mi_skip_tracking":false,"_monsterinsights_sitenote_active":false,"_monsterinsights_sitenote_note":"","_monsterinsights_sitenote_category":0},"aioseo_notices":[],"_links":{"self":[{"href":"https:\/\/www.restaurantesorribes.com\/index.php?rest_route=\/wp\/v2\/pages\/45"}],"collection":[{"href":"https:\/\/www.restaurantesorribes.com\/index.php?rest_route=\/wp\/v2\/pages"}],"about":[{"href":"https:\/\/www.restaurantesorribes.com\/index.php?rest_route=\/wp\/v2\/types\/page"}],"author":[{"embeddable":true,"href":"https:\/\/www.restaurantesorribes.com\/index.php?rest_route=\/wp\/v2\/users\/1"}],"replies":[{"embeddable":true,"href":"https:\/\/www.restaurantesorribes.com\/index.php?rest_route=%2Fwp%2Fv2%2Fcomments&post=45"}],"version-history":[{"count":30,"href":"https:\/\/www.restaurantesorribes.com\/index.php?rest_route=\/wp\/v2\/pages\/45\/revisions"}],"predecessor-version":[{"id":14367,"href":"https:\/\/www.restaurantesorribes.com\/index.php?rest_route=\/wp\/v2\/pages\/45\/revisions\/14367"}],"up":[{"embeddable":true,"href":"https:\/\/www.restaurantesorribes.com\/index.php?rest_route=\/wp\/v2\/pages\/33"}],"wp:attachment":[{"href":"https:\/\/www.restaurantesorribes.com\/index.php?rest_route=%2Fwp%2Fv2%2Fmedia&parent=45"}],"curies":[{"name":"wp","href":"https:\/\/api.w.org\/{rel}","templated":true}]}}