{"id":32,"date":"2009-03-02T18:54:02","date_gmt":"2009-03-02T17:54:02","guid":{"rendered":"http:\/\/localhost:8888\/sorribes\/?page_id=32"},"modified":"2020-05-26T18:32:15","modified_gmt":"2020-05-26T17:32:15","slug":"la-carta-2","status":"publish","type":"page","link":"https:\/\/www.restaurantesorribes.com\/?page_id=32","title":{"rendered":"La Carta"},"content":{"rendered":"<h2 style=\"padding-left: 30px;\"><span style=\"color: #696969;\">ESPECIALIDADES DE LA CASA<\/span><\/h2>\n<p style=\"padding-left: 30px;\"><strong><span style=\"color: #009966;\">\u00a0<\/span><\/strong><\/p>\n<p style=\"padding-left: 30px;\"><strong><span style=\"color: #009966;\">Ensalada de Codorniz<\/span><br \/>\n<span style=\"font-weight: normal;\">CON FRUTOS SECOS AL ACEITE DE ESCABECHE <\/span><\/strong><\/p>\n<p style=\"padding-left: 30px;\"><strong><span style=\"color: #009966;\">Ensalada de Bacalao<\/span><br \/>\n<span style=\"font-weight: normal;\">CON NARANJA Y ACEITUNAS DE ARAGON <\/span><\/strong><\/p>\n<p style=\"padding-left: 30px;\"><strong><span style=\"color: #009966;\">Revuelto<\/span><br \/>\n<span style=\"font-weight: normal;\">DE MORCILLA DE BURGOS CON PI\u00d1ONES <\/span><\/strong><\/p>\n<p style=\"padding-left: 30px;\"><strong><span style=\"color: #009966;\">Parrillada de Verduras<\/span><br \/>\n<span style=\"font-weight: normal;\">DE LA HUERTA AL ACEITE DE OLIVA VIRGEN <\/span><\/strong><\/p>\n<p style=\"padding-left: 30px;\"><strong><span style=\"color: #009966;\">Sepionet con Foie<\/span><br \/>\n<span style=\"font-weight: normal;\">Y CEBOLLITAS <\/span><\/strong><\/p>\n<p style=\"padding-left: 30px;\"><strong><span style=\"color: #009966;\">Bacalao a la Antigua<\/span><br \/>\n<span style=\"font-weight: normal;\">SOBRE LECHO DE PISTO, GRATINADO CON AJOACEITE <\/span><\/strong><\/p>\n<p style=\"padding-left: 30px;\"><strong><span style=\"color: #009966;\">Confit<\/span><br \/>\n<span style=\"font-weight: normal;\">DE PATO CON SALSA DE FRUTOS SECOS <\/span><\/strong><\/p>\n<p style=\"padding-left: 30px;\"><strong><span style=\"color: #009966;\">Cordero relleno<\/span><br \/>\n<span style=\"font-weight: normal;\">CON SALSA DE PEDRO XIMENEZ <\/span><\/strong><\/p>\n<p style=\"padding-left: 30px;\"><strong><span style=\"color: #009966;\">Entrecot<\/span><br \/>\n<span style=\"font-weight: normal;\">AL GUSTO (SALSAS PIMIENTA, ROQUEFORT, OPORTO&#8230;etc.) <\/span><\/strong><\/p>\n<p style=\"padding-left: 30px;\"><strong><span style=\"color: #009966;\">Reposter\u00eda Casera<\/span><\/strong><strong><span style=\"font-weight: normal;\"><br \/>\nTARTAS Y HELADOS <\/span><\/strong><\/p>\n<p style=\"padding-left: 30px;\"><strong><span style=\"font-weight: normal;\">&#8230;&#8230;&#8230;&#8230;&#8230;&#8230;&#8230;&#8230;&#8230;&#8230;&#8230;&#8230;&#8230;&#8230;&#8230;&#8230;&#8230;&#8230;&#8230;&#8230;&#8230;&#8230;&#8230;&#8230;&#8230;&#8230;&#8230;&#8230;&#8230;&#8230;&#8230;&#8230;&#8230;&#8230;&#8230;&#8230;&#8230;&#8230;&#8230;&#8230;<br \/>\n<\/span><\/strong><\/p>\n<h2 style=\"padding-left: 30px;\"><span style=\"color: #696969;\">ENTRANTES FRIOS<\/span><\/h2>\n<p style=\"padding-left: 30px;\"><strong><span style=\"color: #009966;\">\u00a0<\/span><\/strong><\/p>\n<p style=\"padding-left: 30px;\"><strong><span style=\"color: #009966;\">Jam\u00f3n Serrano<\/span><br \/>\n<span style=\"font-weight: normal;\">CON QUESO CURADO DE OVEJA <\/span><\/strong><\/p>\n<p style=\"padding-left: 30px;\"><strong><span style=\"color: #009966;\">Anchoas Caseras<\/span><br \/>\n<span style=\"font-weight: normal;\">SOBRE LECHO DE TOMATE NATURAL RALLADO <\/span><\/strong><\/p>\n<p style=\"padding-left: 30px;\"><strong><span style=\"color: #009966;\">Ensalada\u00a0 de Codorniz<\/span><br \/>\n<span style=\"font-weight: normal;\">DESMIGADA CON FRUTOS SECOS AL ACEITE DE ESCABECHE <\/span><\/strong><\/p>\n<p style=\"padding-left: 30px;\"><strong><span style=\"color: #009966;\">Ensalada\u00a0 de Pi\u00f1a<\/span><br \/>\n<span style=\"font-weight: normal;\">CON QUESO\u00a0 Y\u00a0 FRUTOS SECOS <\/span><\/strong><\/p>\n<p style=\"padding-left: 30px;\"><strong><span style=\"color: #009966;\">Ensalada de Bacalao<\/span><br \/>\n<span style=\"font-weight: normal;\">CON NARANJA Y ACEITUNAS DE ARAGON <\/span><\/strong><\/p>\n<p style=\"padding-left: 30px;\"><strong><span style=\"color: #009966;\">Ensalada de Queso de Cabra<\/span><br \/>\n<span style=\"font-weight: normal;\">CON MERMELADA DE NARANJA AMARGA <\/span><\/strong><\/p>\n<p style=\"padding-left: 30px;\"><strong><span style=\"color: #009966;\">Ensalada Mediterranea<\/span><br \/>\n<span style=\"font-weight: normal;\">TOMATE, LECHUGA, ATUN HUEVO, ESPARRAGOS, ACEITUNAS..etc. <\/span><\/strong><\/p>\n<p style=\"padding-left: 30px;\"><strong><span style=\"font-weight: normal;\">&#8230;&#8230;&#8230;&#8230;&#8230;&#8230;&#8230;&#8230;&#8230;&#8230;&#8230;&#8230;&#8230;&#8230;&#8230;&#8230;&#8230;&#8230;&#8230;&#8230;&#8230;&#8230;&#8230;&#8230;&#8230;&#8230;&#8230;&#8230;&#8230;&#8230;&#8230;&#8230;&#8230;&#8230;&#8230;&#8230;&#8230;&#8230;&#8230;&#8230;<br \/>\n<\/span><\/strong><\/p>\n<h2 style=\"padding-left: 30px;\"><span style=\"color: #696969;\">ENTRANTES CALIENTES<\/span><\/h2>\n<p style=\"padding-left: 30px;\"><strong><span style=\"color: #009966;\">\u00a0<\/span><\/strong><\/p>\n<p style=\"padding-left: 30px;\"><strong><span style=\"color: #009966;\">Revuelto \u201cSorribes\u201d<\/span><br \/>\n<span style=\"font-weight: normal;\">CHAMPI\u00d1\u00d3N, AJOS TIERNOS Y JAM\u00d3N <\/span><\/strong><\/p>\n<p style=\"padding-left: 30px;\"><strong><span style=\"color: #009966;\">Revuelto<\/span><br \/>\n<span style=\"font-weight: normal;\">MORCILLA DE BURGOS CON PI\u00d1ONES <\/span><\/strong><\/p>\n<p style=\"padding-left: 30px;\"><strong><span style=\"color: #009966;\">Sepionet con Foie<\/span><br \/>\n<span style=\"font-weight: normal;\">Y CEBOLLITA <\/span><\/strong><\/p>\n<p style=\"padding-left: 30px;\"><strong><span style=\"color: #009966;\">Calamares rellenos<\/span><br \/>\n<span style=\"font-weight: normal;\">DE MORCILLA DE BURGOS\u00a0 A LA MIEL<\/span><\/strong><\/p>\n<p style=\"padding-left: 30px;\"><strong><span style=\"color: #009966;\">Ensalada Templada<\/span><br \/>\n<span style=\"font-weight: normal;\">DE MANZANA CON PASAS Y JAM\u00d3N <\/span><\/strong><\/p>\n<p style=\"padding-left: 30px;\"><strong><span style=\"color: #009966;\">Sepia Rebozada<\/span><br \/>\n<\/strong><\/p>\n<p style=\"padding-left: 30px;\"><strong><span style=\"color: #009966;\">Gambas<\/span><br \/>\n<span style=\"font-weight: normal;\">AL AJILLO <\/span><\/strong><\/p>\n<p style=\"padding-left: 30px;\"><strong><span style=\"color: #009966;\">Fritada de Gambas<\/span><br \/>\n<span style=\"font-weight: normal;\">AL ESTILO ANTIG\u00dcO DE VINAROZ con ajitos y Flambeadas con brany <\/span><\/strong><\/p>\n<p style=\"padding-left: 30px;\"><strong><span style=\"color: #009966;\">Parrillada de verduras<\/span><br \/>\n<span style=\"font-weight: normal;\">DE LA HUERTA AL ACEITE DE OLIVA VIRGEN <\/span><\/strong><\/p>\n<p style=\"padding-left: 30px;\"><strong><span style=\"font-weight: normal;\">&#8230;&#8230;&#8230;&#8230;&#8230;&#8230;&#8230;&#8230;&#8230;&#8230;&#8230;&#8230;&#8230;&#8230;&#8230;&#8230;&#8230;&#8230;&#8230;&#8230;&#8230;&#8230;&#8230;&#8230;&#8230;&#8230;&#8230;&#8230;&#8230;&#8230;&#8230;&#8230;&#8230;&#8230;&#8230;&#8230;&#8230;&#8230;&#8230;&#8230;<br \/>\n<\/span><\/strong><\/p>\n<h2 style=\"padding-left: 30px;\"><span style=\"color: #696969;\">SOPAS, VERDURAS, HUEVOS Y ARROCES<\/span><\/h2>\n<p style=\"padding-left: 30px;\"><strong><span style=\"color: #009966;\">\u00a0<\/span><\/strong><\/p>\n<p style=\"padding-left: 30px;\"><strong><span style=\"color: #009966;\">Sopa Maestazgo<\/span><br \/>\n<span style=\"font-weight: normal;\">ALBONDIGUITAS DE CARNE CON JAMON Y HUEVO <\/span><\/strong><\/p>\n<p style=\"padding-left: 30px;\"><strong><span style=\"color: #009966;\">Consom\u00e9 perfumado con Jerez<\/span><br \/>\n<\/strong><\/p>\n<p style=\"padding-left: 30px;\"><strong><span style=\"color: #009966;\">Esparragos Trigueros<\/span><br \/>\n<span style=\"font-weight: normal;\">A LA PLANCHA CON JAMON SERRANO <\/span><\/strong><\/p>\n<p style=\"padding-left: 30px;\"><strong><span style=\"color: #009966;\">Champi\u00f1ones a la plancha<\/span><br \/>\n<\/strong><\/p>\n<p style=\"padding-left: 30px;\"><strong><span style=\"color: #009966;\">Parrillada de Verduras<\/span><br \/>\n<span style=\"font-weight: normal;\">DE LA HUERTA AL ACEITE DE OLIVA VIRGEN <\/span><\/strong><\/p>\n<p style=\"padding-left: 30px;\"><strong><span style=\"color: #009966;\">Huevos fritos<\/span><br \/>\n<span style=\"font-weight: normal;\">CON MORCILLA DE BURGOS A LA PLANCHA <\/span><\/strong><\/p>\n<p style=\"padding-left: 30px;\"><strong><span style=\"color: #009966;\">Huevos rotos<\/span><br \/>\n<span style=\"font-weight: normal;\">CON JAMON SERRANO Y PATATAS <\/span><\/strong><\/p>\n<p style=\"padding-left: 30px;\"><strong><span style=\"color: #009966;\">Tortillas al Gusto<\/span><br \/>\n<span style=\"font-weight: normal;\">JAMON, QUESO, CHAMPI\u00d1ONES,\u00a0 BONITO <\/span><\/strong><\/p>\n<p style=\"padding-left: 30px;\"><strong><span style=\"color: #009966;\">Arroz a Banda o Negro<\/span><br \/>\n<\/strong><\/p>\n<p style=\"padding-left: 30px;\"><strong><span style=\"color: #009966;\">Paella Valenciana<\/span><br \/>\n<\/strong><\/p>\n<p style=\"padding-left: 30px;\"><strong><span style=\"color: #009966;\">Paella de Mariscos<\/span><br \/>\n<\/strong><\/p>\n<p style=\"padding-left: 30px;\"><strong><span style=\"color: #009966;\">Fideua<\/span><br \/>\n<\/strong><\/p>\n<p style=\"padding-left: 30px;\"><span style=\"font-weight: normal;\">ARROCES Y FIDEUA PREVIO ENCARGO , M\u00cdNIMO DOS PERSONAS<\/span><\/p>\n<p style=\"padding-left: 30px;\"><strong><span style=\"font-weight: normal;\">&#8230;&#8230;&#8230;&#8230;&#8230;&#8230;&#8230;&#8230;&#8230;&#8230;&#8230;&#8230;&#8230;&#8230;&#8230;&#8230;&#8230;&#8230;&#8230;&#8230;&#8230;&#8230;&#8230;&#8230;&#8230;&#8230;&#8230;&#8230;&#8230;&#8230;&#8230;&#8230;&#8230;&#8230;&#8230;&#8230;&#8230;&#8230;&#8230;&#8230;<br \/>\n<\/span><\/strong><\/p>\n<h2 style=\"padding-left: 30px;\"><span style=\"color: #696969;\">PESCADOS Y MARISCOS<\/span><\/h2>\n<p style=\"padding-left: 30px;\"><strong><span style=\"color: #009966;\">\u00a0<\/span><\/strong><\/p>\n<p style=\"padding-left: 30px;\"><strong><span style=\"color: #009966;\">Dorada a la espalda<\/span><br \/>\n<span style=\"font-weight: normal;\">CON SOFRITO DE AJITOS LAMINADOS <\/span><\/strong><\/p>\n<p style=\"padding-left: 30px;\"><strong><span style=\"color: #009966;\">Lenguado a la Almendra<\/span><br \/>\n<span style=\"font-weight: normal;\">CON CREMA , VINO BLANCO Y ALMENDRA FILETEADA TOSTADA <\/span><\/strong><\/p>\n<p style=\"padding-left: 30px;\"><strong><span style=\"color: #009966;\">Bacalao a la Antigua<\/span><br \/>\n<span style=\"font-weight: normal;\">SOBRE LECHO DE PISTO, GRATINADO CON AJOACEITE <\/span><\/strong><strong><span style=\"font-weight: normal;\">\u00a0<\/span><\/strong><\/p>\n<p style=\"padding-left: 30px;\"><strong><span style=\"color: #009966;\">Emperador<\/span><br \/>\n<span style=\"font-weight: normal;\">PLANCHA CON SALSA MARY<\/span><\/strong><\/p>\n<p style=\"padding-left: 30px;\"><strong><span style=\"color: #009966;\">Sepia a la plancha<\/span><br \/>\n<\/strong><\/p>\n<p style=\"padding-left: 30px;\"><strong><span style=\"font-weight: normal;\">&#8230;&#8230;&#8230;&#8230;&#8230;&#8230;&#8230;&#8230;&#8230;&#8230;&#8230;&#8230;&#8230;&#8230;&#8230;&#8230;&#8230;&#8230;&#8230;&#8230;&#8230;&#8230;&#8230;&#8230;&#8230;&#8230;&#8230;&#8230;&#8230;&#8230;&#8230;&#8230;&#8230;&#8230;&#8230;&#8230;&#8230;&#8230;&#8230;&#8230;<br \/>\n<\/span><\/strong><\/p>\n<h2 style=\"padding-left: 30px;\"><span style=\"color: #696969;\">CARNES<\/span><\/h2>\n<p style=\"padding-left: 30px;\"><strong><span style=\"color: #009966;\">\u00a0<\/span><\/strong><\/p>\n<p style=\"padding-left: 30px;\"><strong><span style=\"color: #009966;\">Entrecott<\/span><br \/>\n<span style=\"font-weight: normal;\">AL GUSTO: PLANCHA O SALSAS PIMIENTA, ROQUEFORT, OPORTO<\/span><\/strong><\/p>\n<p style=\"padding-left: 30px;\"><strong><span style=\"color: #009966;\">Confit<\/span><br \/>\n<span style=\"font-weight: normal;\">DE PATO CON SALSA DE FRUTOS ROJOS <\/span><\/strong><\/p>\n<p style=\"padding-left: 30px;\"><strong><span style=\"color: #009966;\">Solomillo de Cerdo<\/span><br \/>\n<span style=\"font-weight: normal;\">AL GUSTO: PLANCHA PIMIENTA, ROQUEFORT, OPORTO <\/span><\/strong><strong><span style=\"font-weight: normal;\">\u00a0<\/span><\/strong><\/p>\n<p style=\"padding-left: 30px;\"><strong><span style=\"color: #009966;\">Costillitas de cordero lechal<\/span><br \/>\n<span style=\"font-weight: normal;\">CON AJITOS TIERNOS <\/span><\/strong><\/p>\n<p style=\"padding-left: 30px;\"><strong><span style=\"color: #009966;\">Escalope Cord\u00f3n Blue<\/span><br \/>\n<span style=\"font-weight: normal;\">DE CERDO CON JAMON YORY Y QUESO EMPANADO <\/span><\/strong><\/p>\n<p style=\"padding-left: 30px;\"><strong><span style=\"color: #009966;\">Escalope Milanesa<\/span><br \/>\n<span style=\"font-weight: normal;\">DE TERNERA CON QUESO RALLADO Y LIMON <\/span><\/strong><\/p>\n<p style=\"padding-left: 30px;\"><strong><span style=\"font-weight: normal;\">&#8230;&#8230;&#8230;&#8230;&#8230;&#8230;&#8230;&#8230;&#8230;&#8230;&#8230;&#8230;&#8230;&#8230;&#8230;&#8230;&#8230;&#8230;&#8230;&#8230;&#8230;&#8230;&#8230;&#8230;&#8230;&#8230;&#8230;&#8230;&#8230;&#8230;&#8230;&#8230;&#8230;&#8230;&#8230;&#8230;&#8230;&#8230;&#8230;&#8230;<br \/>\n<\/span><\/strong><\/p>\n<h2 style=\"padding-left: 30px;\"><span style=\"color: #696969;\">POSTRES Y REPOSTER\u00cdA CASERA<\/span><\/h2>\n<p style=\"padding-left: 30px;\"><strong><span style=\"color: #009966;\">\u00a0<\/span><\/strong><\/p>\n<p style=\"padding-left: 30px;\"><strong><span style=\"color: #009966;\">Tiramis\u00fa<\/span><br \/>\n<span style=\"font-weight: normal;\">BIZCOCHO BA\u00d1ADO DE CAFE Y RON CON MASCARPONE <\/span><\/strong><\/p>\n<p style=\"padding-left: 30px;\"><strong><span style=\"color: #009966;\">Panacota<\/span><br \/>\n<span style=\"font-weight: normal;\">NATA COCIDA CON CHOCOLATE CALIENTE <\/span><\/strong><\/p>\n<p style=\"padding-left: 30px;\"><strong><span style=\"color: #009966;\">Helado de Turr\u00f3n<\/span><br \/>\n<span style=\"font-weight: normal;\">CON ALMENDRA FILETEADA <\/span><\/strong><\/p>\n<p style=\"padding-left: 30px;\"><strong><span style=\"color: #009966;\">Naranja Preparada<\/span><br \/>\n<span style=\"font-weight: normal;\">A RODAJITAS CON AZUCAR Y BA\u00d1ADA CON COINTREAU <\/span><\/strong><\/p>\n<p style=\"padding-left: 30px;\"><strong><span style=\"color: #009966;\">Surtido de Reposteria Casera<\/span><br \/>\n<span style=\"font-weight: normal;\">DEGUSTACION DE TARTAS CASERAS Y HELADOS <\/span><\/strong><\/p>\n<p style=\"padding-left: 30px;\"><strong><span style=\"font-weight: normal;\">&#8230;&#8230;&#8230;&#8230;&#8230;&#8230;&#8230;&#8230;&#8230;&#8230;&#8230;&#8230;&#8230;&#8230;&#8230;&#8230;&#8230;&#8230;&#8230;&#8230;&#8230;&#8230;&#8230;&#8230;&#8230;&#8230;&#8230;&#8230;&#8230;&#8230;&#8230;&#8230;&#8230;&#8230;&#8230;&#8230;&#8230;&#8230;&#8230;&#8230;<br \/>\n<\/span><\/strong><\/p>\n<h2 style=\"padding-left: 30px;\"><span style=\"color: #696969;\">VINOS TINTOS<\/span><\/h2>\n<p><span style=\"color: #696969;\">\u00a0<\/span><\/p>\n<p>Comunidad Valenciana<\/p>\n<p style=\"padding-left: 30px;\"><strong><span style=\"color: #009966;\">Marqu\u00e9s de Alicante &#8211; Recomendado por la Casa<\/span><br \/>\n<span style=\"font-weight: normal;\"><span style=\"color: #888888;\">Crianza, Bod. Bocopa, D.O.Alicante <\/span><br \/>\n<\/span><\/strong><\/p>\n<p>D.O. Vinos de la Tierra de Castilla y Le\u00f3n<\/p>\n<p style=\"padding-left: 30px;\"><strong><span style=\"color: #009966;\">El Coto crianza,<br \/>\n<\/span><\/strong><span style=\"color: #009966;\"><span style=\"color: #888888;\">Bodegas El Coto <\/span><\/span><\/p>\n<p style=\"padding-left: 30px;\"><strong><span style=\"color: #009966;\">Azpilicueta crianza,<br \/>\n<\/span><\/strong><span style=\"color: #009966;\"><span style=\"color: #888888;\">Bod.\u00a0 Age <\/span><\/span><\/p>\n<p style=\"padding-left: 30px;\"><strong><span style=\"color: #009966;\">Marqu\u00e9s de C\u00e1ceres<br \/>\n<\/span><\/strong><span style=\"color: #009966;\"><span style=\"color: #888888;\">3\/8 Crianza, U. Viti-Vinicola <\/span><\/span><\/p>\n<p style=\"padding-left: 30px;\"><strong><span style=\"color: #009966;\">Marqu\u00e9s de C\u00e1ceres<br \/>\n<\/span><\/strong><span style=\"color: #009966;\"><span style=\"color: #888888;\">Crianza, U. Viti-Vinicola <\/span><\/span><\/p>\n<p style=\"padding-left: 30px;\"><strong><span style=\"color: #009966;\">Ysios<br \/>\n<\/span><\/strong><span style=\"color: #009966;\"><span style=\"color: #888888;\">Reserva Bod. Ysios Laguardia <\/span><\/span><\/p>\n<p>D.O. Ribera del Duero<\/p>\n<p style=\"padding-left: 30px;\"><strong><span style=\"color: #009966;\">Prado Rey Roble<br \/>\n<\/span><\/strong><span style=\"color: #009966;\"><span style=\"color: #888888;\">L. Cosecha Bodegas Real Sitio de Ventosilla <\/span><\/span><\/p>\n<p style=\"padding-left: 30px;\"><strong><span style=\"color: #009966;\">Protos<br \/>\n<\/span><\/strong><span style=\"color: #009966;\"><span style=\"color: #888888;\">Cosecha Bodegas. Protos S.A. <\/span><\/span><\/p>\n<p style=\"padding-left: 30px;\"><strong><span style=\"color: #009966;\">Protos<br \/>\n<\/span><\/strong><span style=\"color: #009966;\"><span style=\"color: #888888;\">Crianza Bodegas Protos S.A. <\/span><\/span><\/p>\n<p style=\"padding-left: 30px;\">\n<p style=\"padding-left: 30px;\">\n<p>&nbsp;<\/p>\n<p style=\"padding-left: 30px;\">\n<p style=\"padding-left: 30px;\"><strong><span style=\"font-weight: normal;\">&#8230;&#8230;&#8230;&#8230;&#8230;&#8230;&#8230;&#8230;&#8230;&#8230;&#8230;&#8230;&#8230;&#8230;&#8230;&#8230;&#8230;&#8230;&#8230;&#8230;&#8230;&#8230;&#8230;&#8230;&#8230;&#8230;&#8230;&#8230;&#8230;&#8230;&#8230;&#8230;&#8230;&#8230;&#8230;&#8230;&#8230;&#8230;&#8230;&#8230;<br \/>\n<\/span><\/strong><\/p>\n<h2 style=\"padding-left: 30px;\"><span style=\"color: #696969;\">VINOS ROSADOS<\/span><\/h2>\n<p style=\"padding-left: 30px;\"><strong><span style=\"color: #009966;\"><br \/>\nHomenaje<br \/>\n<\/span><\/strong><span style=\"color: #009966;\"><span style=\"color: #888888;\">D.O. Navarra.\u00a0 Bod. Las Marco Real de Olite <\/span><\/span><\/p>\n<p style=\"padding-left: 30px;\"><span style=\"color: #009966;\"><strong>Marques de Caceres<\/strong><br \/>\n<span style=\"color: #009966;\"><span style=\"color: #888888;\">D.O. La Rioja Bod. Marques de C\u00e1ceres <\/span><\/span><\/span><\/p>\n<p style=\"padding-left: 30px;\"><strong><span style=\"font-weight: normal;\">&#8230;&#8230;&#8230;&#8230;&#8230;&#8230;&#8230;&#8230;&#8230;&#8230;&#8230;&#8230;&#8230;&#8230;&#8230;&#8230;&#8230;&#8230;&#8230;&#8230;&#8230;&#8230;&#8230;&#8230;&#8230;&#8230;&#8230;&#8230;&#8230;&#8230;&#8230;&#8230;&#8230;&#8230;&#8230;&#8230;&#8230;&#8230;&#8230;&#8230;<br \/>\n<\/span><\/strong><\/p>\n<h2 style=\"padding-left: 30px;\"><span style=\"color: #696969;\">VINOS BLANCOS<\/span><\/h2>\n<p><span style=\"color: #696969;\">\u00a0<\/span><\/p>\n<p style=\"padding-left: 30px;\"><strong><span style=\"color: #009966;\">Castillo Perelada Blanc de Blancs<br \/>\n<\/span><\/strong><span style=\"color: #009966;\"><span style=\"color: #888888;\">D.O. Empord\u00e0-Costa Brava <\/span><\/span><\/p>\n<p style=\"padding-left: 30px;\"><strong><span style=\"color: #009966;\">Marques de Riscal Sauvignon<br \/>\n<\/span><\/strong><span style=\"color: #009966;\"><span style=\"color: #888888;\">D.O. Rueda <\/span><\/span><\/p>\n<p style=\"padding-left: 30px;\"><strong><span style=\"color: #009966;\">Blanc Pescador Vino de Aguja<br \/>\n<\/span><\/strong><span style=\"color: #009966;\"><span style=\"color: #888888;\">D.O. Empord\u00e0-Costa Brava <\/span><\/span><\/p>\n<p style=\"padding-left: 30px;\">\n<p style=\"padding-left: 30px;\"><strong><span style=\"font-weight: normal;\">&#8230;&#8230;&#8230;&#8230;&#8230;&#8230;&#8230;&#8230;&#8230;&#8230;&#8230;&#8230;&#8230;&#8230;&#8230;&#8230;&#8230;&#8230;&#8230;&#8230;&#8230;&#8230;&#8230;&#8230;&#8230;&#8230;&#8230;&#8230;&#8230;&#8230;&#8230;&#8230;&#8230;&#8230;&#8230;&#8230;&#8230;&#8230;&#8230;&#8230;<br \/>\n<\/span><\/strong><\/p>\n<h2 style=\"padding-left: 30px;\"><span style=\"color: #696969;\">CAVAS<\/span><\/h2>\n<p style=\"padding-left: 30px;\"><strong><span style=\"color: #009966;\">Freixenet \u00abCarta Nevada\u00bb<br \/>\n<\/span><\/strong><span style=\"color: #009966;\"><span style=\"color: #888888;\">semi seco <\/span><\/span><\/p>\n<p style=\"padding-left: 30px;\"><strong><span style=\"color: #009966;\">Castillo Perelada<br \/>\n<\/span><\/strong><span style=\"color: #888888;\">Brut reserva <\/span><\/p>\n<p style=\"padding-left: 30px;\"><strong><span style=\"color: #009966;\">Juve y Camps<br \/>\n<\/span><\/strong><span style=\"color: #888888;\">RESERVA de la FAMILIA Brut Nature <\/span><\/p>\n<p>&nbsp;<\/p>\n","protected":false},"excerpt":{"rendered":"<p>ESPECIALIDADES DE LA CASA \u00a0 Ensalada de Codorniz CON FRUTOS SECOS AL ACEITE DE ESCABECHE Ensalada de Bacalao CON NARANJA Y ACEITUNAS DE ARAGON Revuelto DE MORCILLA DE BURGOS CON PI\u00d1ONES Parrillada de Verduras DE LA HUERTA AL ACEITE DE OLIVA VIRGEN Sepionet con Foie Y CEBOLLITAS Bacalao a la Antigua SOBRE LECHO DE PISTO, [&hellip;]<\/p>\n","protected":false},"author":1,"featured_media":0,"parent":0,"menu_order":0,"comment_status":"closed","ping_status":"open","template":"","meta":{"_mi_skip_tracking":false,"_monsterinsights_sitenote_active":false,"_monsterinsights_sitenote_note":"","_monsterinsights_sitenote_category":0},"aioseo_notices":[],"_links":{"self":[{"href":"https:\/\/www.restaurantesorribes.com\/index.php?rest_route=\/wp\/v2\/pages\/32"}],"collection":[{"href":"https:\/\/www.restaurantesorribes.com\/index.php?rest_route=\/wp\/v2\/pages"}],"about":[{"href":"https:\/\/www.restaurantesorribes.com\/index.php?rest_route=\/wp\/v2\/types\/page"}],"author":[{"embeddable":true,"href":"https:\/\/www.restaurantesorribes.com\/index.php?rest_route=\/wp\/v2\/users\/1"}],"replies":[{"embeddable":true,"href":"https:\/\/www.restaurantesorribes.com\/index.php?rest_route=%2Fwp%2Fv2%2Fcomments&post=32"}],"version-history":[{"count":53,"href":"https:\/\/www.restaurantesorribes.com\/index.php?rest_route=\/wp\/v2\/pages\/32\/revisions"}],"predecessor-version":[{"id":9565,"href":"https:\/\/www.restaurantesorribes.com\/index.php?rest_route=\/wp\/v2\/pages\/32\/revisions\/9565"}],"wp:attachment":[{"href":"https:\/\/www.restaurantesorribes.com\/index.php?rest_route=%2Fwp%2Fv2%2Fmedia&parent=32"}],"curies":[{"name":"wp","href":"https:\/\/api.w.org\/{rel}","templated":true}]}}